{"id":14807,"date":"2023-01-14T01:00:02","date_gmt":"2023-01-14T01:00:02","guid":{"rendered":"http:\/\/13.40.57.130\/client-area\/"},"modified":"2024-05-27T10:27:53","modified_gmt":"2024-05-27T08:27:53","slug":"clientarea","status":"publish","type":"page","link":"https:\/\/ustaxconsultants.pt\/pt-pt\/clientarea\/","title":{"rendered":"Client Area"},"content":{"rendered":"<p>[et_pb_section fb_built=&#8221;1&#8243; _builder_version=&#8221;4.19.1&#8243; _module_preset=&#8221;default&#8221; background_image=&#8221;https:\/\/ustaxconsultants.pt\/wp-content\/uploads\/2023\/01\/Subpagina-Area-Clientes-imagen-1.jpg&#8221; min_height=&#8221;60vh&#8221; da_disable_devices=&#8221;off|off|off&#8221; global_colors_info=&#8221;{}&#8221; da_is_popup=&#8221;off&#8221; da_exit_intent=&#8221;off&#8221; da_has_close=&#8221;on&#8221; da_alt_close=&#8221;off&#8221; da_dark_close=&#8221;off&#8221; da_not_modal=&#8221;on&#8221; da_is_singular=&#8221;off&#8221; da_with_loader=&#8221;off&#8221; da_has_shadow=&#8221;on&#8221;][et_pb_row _builder_version=&#8221;4.19.1&#8243; _module_preset=&#8221;default&#8221; global_colors_info=&#8221;{}&#8221;][et_pb_column type=&#8221;4_4&#8243; _builder_version=&#8221;4.19.1&#8243; _module_preset=&#8221;default&#8221; global_colors_info=&#8221;{}&#8221;][et_pb_text _builder_version=&#8221;4.24.3&#8243; _module_preset=&#8221;default&#8221; text_font=&#8221;|||on|||||&#8221; text_text_color=&#8221;#2A2761&#8243; text_font_size=&#8221;40px&#8221; custom_padding=&#8221;15%||||false|false&#8221; global_colors_info=&#8221;{}&#8221;]<\/p>\n<p>\u00c1REA DE CLIENTES<\/p>\n<p>[\/et_pb_text][\/et_pb_column][\/et_pb_row][\/et_pb_section][et_pb_section fb_built=&#8221;1&#8243; _builder_version=&#8221;4.19.1&#8243; _module_preset=&#8221;default&#8221; da_disable_devices=&#8221;off|off|off&#8221; global_colors_info=&#8221;{}&#8221; da_is_popup=&#8221;off&#8221; da_exit_intent=&#8221;off&#8221; da_has_close=&#8221;on&#8221; da_alt_close=&#8221;off&#8221; da_dark_close=&#8221;off&#8221; da_not_modal=&#8221;on&#8221; da_is_singular=&#8221;off&#8221; da_with_loader=&#8221;off&#8221; da_has_shadow=&#8221;on&#8221;][et_pb_row column_structure=&#8221;1_2,1_2&#8243; _builder_version=&#8221;4.19.1&#8243; _module_preset=&#8221;default&#8221; custom_margin=&#8221;||40px||false|false&#8221; global_colors_info=&#8221;{}&#8221;][et_pb_column type=&#8221;1_2&#8243; _builder_version=&#8221;4.19.1&#8243; _module_preset=&#8221;default&#8221; global_colors_info=&#8221;{}&#8221;][et_pb_text _builder_version=&#8221;4.24.3&#8243; _module_preset=&#8221;default&#8221; text_text_color=&#8221;#666666&#8243; text_font_size=&#8221;16px&#8221; header_2_font=&#8221;|600|||||||&#8221; header_2_text_color=&#8221;#2A2761&#8243; global_colors_info=&#8221;{}&#8221;]<\/p>\n<h2>TODAS AS SUAS INFORMA\u00c7\u00d5ES NUM S\u00d3 CLIQUE<\/h2>\n<p>&nbsp;<\/p>\n<ul>\n<li><span><\/span>Os seus dados pessoais<\/li>\n<li><span><\/span>Ver a documenta\u00e7\u00e3o que nos enviou<\/li>\n<li><span><\/span>Rever a declara\u00e7\u00e3o de impostos que prepar\u00e1mos para si<\/li>\n<li><span><\/span>Ver declara\u00e7\u00f5es de impostos de anos anteriores<\/li>\n<li><span><\/span><strong>Pode carregar documenta\u00e7\u00e3o para a sua pasta<\/strong><\/li>\n<\/ul>\n<p>[\/et_pb_text][et_pb_button button_url=&#8221;https:\/\/doc.ustaxconsultants.net\/home\/index?lang=en-US&#038;s=1&#8243; button_text=&#8221;INICIAR SESS\u00c3O&#8221; _builder_version=&#8221;4.24.3&#8243; _module_preset=&#8221;default&#8221; custom_button=&#8221;on&#8221; button_text_color=&#8221;#FFFFFF&#8221; button_bg_color=&#8221;#BD1521&#8243; button_font=&#8221;|||on|||||&#8221; custom_padding=&#8221;|5%||5%|false|true&#8221; global_colors_info=&#8221;{}&#8221;][\/et_pb_button][\/et_pb_column][et_pb_column type=&#8221;1_2&#8243; _builder_version=&#8221;4.19.1&#8243; _module_preset=&#8221;default&#8221; global_colors_info=&#8221;{}&#8221;][et_pb_image src=&#8221;https:\/\/ustaxconsultants.pt\/wp-content\/uploads\/2024\/05\/pt-pt.png&#8221; title_text=&#8221;pt-pt&#8221; align=&#8221;center&#8221; _builder_version=&#8221;4.24.3&#8243; _module_preset=&#8221;default&#8221; width=&#8221;33%&#8221; global_colors_info=&#8221;{}&#8221;][\/et_pb_image][et_pb_button button_url=&#8221;https:\/\/ustaxconsultants.pt\/download\/como-utilizar-a-area-de-clientes\/?wpdmdl=14808&#038;masterkey=mum4jXVKtdXYNb1ubXf23xDEOUvNAU6wUzcnjJeyW0W9h2AjWXuKVURa3F9Wuq7gglZBruBH5vJNCb009BA37ebUcTErZPuUuUueNxeBR1w&#8221; button_text=&#8221;Como utilizar a \u00e1rea de clientes&#8221; button_alignment=&#8221;center&#8221; _builder_version=&#8221;4.24.3&#8243; _module_preset=&#8221;default&#8221; custom_button=&#8221;on&#8221; button_text_color=&#8221;#FFFFFF&#8221; button_bg_color=&#8221;#BD1521&#8243; button_font=&#8221;|||on|||||&#8221; custom_padding=&#8221;|5%||5%|false|true&#8221; global_colors_info=&#8221;{}&#8221;][\/et_pb_button][\/et_pb_column][\/et_pb_row][et_pb_row _builder_version=&#8221;4.19.1&#8243; _module_preset=&#8221;default&#8221; border_width_left=&#8221;25px&#8221; border_color_left=&#8221;#2A2761&#8243; box_shadow_style=&#8221;preset2&#8243; global_colors_info=&#8221;{}&#8221;][et_pb_column type=&#8221;4_4&#8243; _builder_version=&#8221;4.19.1&#8243; _module_preset=&#8221;default&#8221; global_colors_info=&#8221;{}&#8221;][et_pb_text _builder_version=&#8221;4.24.3&#8243; _module_preset=&#8221;default&#8221; text_text_color=&#8221;#666666&#8243; text_font_size=&#8221;16px&#8221; header_2_font=&#8221;|600|||||||&#8221; header_2_text_color=&#8221;#2A2761&#8243; width=&#8221;75%&#8221; custom_padding=&#8221;3%|3%|3%|3%|true|true&#8221; border_color_left=&#8221;#2A2761&#8243; global_colors_info=&#8221;{}&#8221;]<\/p>\n<h2>NOVO CLIENTE \/ CARREGAMENTO DE DOCUMENTA\u00c7\u00c3O POR TERCEIROS<\/h2>\n<p>&nbsp;<\/p>\n<p>Uma vez enviado qualquer documento, ser\u00e1 automaticamente registado como cliente e receber\u00e1 um e-mail com o seu nome de utilizador e palavra-passe.<\/p>\n<p>Al\u00e9m disso, para um familiar, um administrador&#8230; pode carregar documenta\u00e7\u00e3o com este acesso, completando a informa\u00e7\u00e3o com os dados do cliente.<\/p>\n<p>[\/et_pb_text][et_pb_button button_url=&#8221;https:\/\/doc.ustaxconsultants.net\/home\/index?lang=en-US&#038;s=0&#8243; button_text=&#8221;ENTER&#8221; _builder_version=&#8221;4.16&#8243; _module_preset=&#8221;default&#8221; custom_button=&#8221;on&#8221; button_text_color=&#8221;#FFFFFF&#8221; button_bg_color=&#8221;#BD1521&#8243; button_font=&#8221;|||on|||||&#8221; custom_margin=&#8221;|||3%|false|false&#8221; custom_padding=&#8221;|5%||5%|false|true&#8221; global_colors_info=&#8221;{}&#8221;][\/et_pb_button][\/et_pb_column][\/et_pb_row][et_pb_row _builder_version=&#8221;4.19.1&#8243; _module_preset=&#8221;default&#8221; global_colors_info=&#8221;{}&#8221;][et_pb_column type=&#8221;4_4&#8243; _builder_version=&#8221;4.19.1&#8243; _module_preset=&#8221;default&#8221; global_colors_info=&#8221;{}&#8221;][et_pb_text _builder_version=&#8221;4.24.3&#8243; _module_preset=&#8221;default&#8221; text_text_color=&#8221;#2A2761&#8243; text_font_size=&#8221;18px&#8221; global_colors_info=&#8221;{}&#8221;]<\/p>\n<p><strong>Sistema de transfer\u00eancia seguro e encriptado<\/strong><\/p>\n<p>[\/et_pb_text][\/et_pb_column][\/et_pb_row][\/et_pb_section]<\/p>\n","protected":false},"excerpt":{"rendered":"<p>\u00c1REA DE CLIENTESTODAS AS SUAS INFORMA\u00c7\u00d5ES NUM S\u00d3 CLIQUE &nbsp; Os seus dados pessoais Ver a documenta\u00e7\u00e3o que nos enviou Rever a declara\u00e7\u00e3o de impostos que prepar\u00e1mos para si Ver declara\u00e7\u00f5es de impostos de anos anteriores Pode carregar documenta\u00e7\u00e3o para a sua pasta NOVO CLIENTE \/ CARREGAMENTO DE DOCUMENTA\u00c7\u00c3O POR TERCEIROS &nbsp; Uma vez enviado [&hellip;]<\/p>\n","protected":false},"author":6,"featured_media":0,"parent":0,"menu_order":0,"comment_status":"closed","ping_status":"closed","template":"","meta":{"_acf_changed":false,"_et_pb_use_builder":"on","_et_pb_old_content":"","_et_gb_content_width":"","_monsterinsights_skip_tracking":false,"_monsterinsights_sitenote_active":false,"_monsterinsights_sitenote_note":"","_monsterinsights_sitenote_category":0,"_uf_show_specific_survey":0,"_uf_disable_surveys":false,"footnotes":"","_links_to":"","_links_to_target":""},"class_list":["post-14807","page","type-page","status-publish","hentry"],"acf":[],"aioseo_notices":[],"_links":{"self":[{"href":"https:\/\/ustaxconsultants.pt\/pt-pt\/wp-json\/wp\/v2\/pages\/14807","targetHints":{"allow":["GET"]}}],"collection":[{"href":"https:\/\/ustaxconsultants.pt\/pt-pt\/wp-json\/wp\/v2\/pages"}],"about":[{"href":"https:\/\/ustaxconsultants.pt\/pt-pt\/wp-json\/wp\/v2\/types\/page"}],"author":[{"embeddable":true,"href":"https:\/\/ustaxconsultants.pt\/pt-pt\/wp-json\/wp\/v2\/users\/6"}],"replies":[{"embeddable":true,"href":"https:\/\/ustaxconsultants.pt\/pt-pt\/wp-json\/wp\/v2\/comments?post=14807"}],"version-history":[{"count":3,"href":"https:\/\/ustaxconsultants.pt\/pt-pt\/wp-json\/wp\/v2\/pages\/14807\/revisions"}],"predecessor-version":[{"id":14837,"href":"https:\/\/ustaxconsultants.pt\/pt-pt\/wp-json\/wp\/v2\/pages\/14807\/revisions\/14837"}],"wp:attachment":[{"href":"https:\/\/ustaxconsultants.pt\/pt-pt\/wp-json\/wp\/v2\/media?parent=14807"}],"curies":[{"name":"wp","href":"https:\/\/api.w.org\/{rel}","templated":true}]}}