{"id":14644,"date":"2024-04-11T11:53:41","date_gmt":"2024-04-11T09:53:41","guid":{"rendered":"http:\/\/13.40.57.130\/team-2\/"},"modified":"2024-04-11T11:53:41","modified_gmt":"2024-04-11T09:53:41","slug":"team-2","status":"publish","type":"page","link":"https:\/\/ustaxconsultants.pt\/pt-pt\/team-2\/","title":{"rendered":"Team"},"content":{"rendered":"<p>[et_pb_section fb_built=&#8221;1&#8243; _builder_version=&#8221;4.19.4&#8243; _module_preset=&#8221;default&#8221; background_image=&#8221;https:\/\/ustaxconsultants.pt\/wp-content\/uploads\/2023\/01\/Imagen-our-team.png&#8221; min_height=&#8221;60vh&#8221; da_disable_devices=&#8221;off|off|off&#8221; global_colors_info=&#8221;{}&#8221; da_is_popup=&#8221;off&#8221; da_exit_intent=&#8221;off&#8221; da_has_close=&#8221;on&#8221; da_alt_close=&#8221;off&#8221; da_dark_close=&#8221;off&#8221; da_not_modal=&#8221;on&#8221; da_is_singular=&#8221;off&#8221; da_with_loader=&#8221;off&#8221; da_has_shadow=&#8221;on&#8221;][et_pb_row _builder_version=&#8221;4.19.4&#8243; _module_preset=&#8221;default&#8221; global_colors_info=&#8221;{}&#8221;][et_pb_column type=&#8221;4_4&#8243; _builder_version=&#8221;4.19.4&#8243; _module_preset=&#8221;default&#8221; global_colors_info=&#8221;{}&#8221;][et_pb_text _builder_version=&#8221;4.19.4&#8243; _module_preset=&#8221;default&#8221; header_text_color=&#8221;#666666&#8243; header_line_height=&#8221;1.5em&#8221; custom_padding=&#8221;10%||10%||true|false&#8221; global_colors_info=&#8221;{}&#8221;]<\/p>\n<h1>UMA EQUIPA PROFISSIONAL PARA <br \/>ORIENTAR OS SEUS IMPOSTOS<\/h1>\n<p>[\/et_pb_text][\/et_pb_column][\/et_pb_row][\/et_pb_section][et_pb_section fb_built=&#8221;1&#8243; _builder_version=&#8221;4.19.4&#8243; _module_preset=&#8221;default&#8221; da_disable_devices=&#8221;off|off|off&#8221; global_colors_info=&#8221;{}&#8221; da_is_popup=&#8221;off&#8221; da_exit_intent=&#8221;off&#8221; da_has_close=&#8221;on&#8221; da_alt_close=&#8221;off&#8221; da_dark_close=&#8221;off&#8221; da_not_modal=&#8221;on&#8221; da_is_singular=&#8221;off&#8221; da_with_loader=&#8221;off&#8221; da_has_shadow=&#8221;on&#8221;][et_pb_row column_structure=&#8221;2_5,3_5&#8243; make_equal=&#8221;on&#8221; _builder_version=&#8221;4.19.4&#8243; _module_preset=&#8221;default&#8221; global_colors_info=&#8221;{}&#8221;][et_pb_column type=&#8221;2_5&#8243; _builder_version=&#8221;4.19.4&#8243; _module_preset=&#8221;default&#8221; global_colors_info=&#8221;{}&#8221;][et_pb_image src=&#8221;https:\/\/ustaxconsultants.pt\/wp-content\/uploads\/2023\/01\/Antonio-Rodriguez-de-penaranda.jpg&#8221; title_text=&#8221;Antonio-Rodriguez-de-penaranda&#8221; _builder_version=&#8221;4.19.4&#8243; _module_preset=&#8221;default&#8221; hover_enabled=&#8221;0&#8243; border_width_all=&#8221;2px&#8221; border_color_all=&#8221;#2A2761&#8243; global_colors_info=&#8221;{}&#8221; sticky_enabled=&#8221;0&#8243;][\/et_pb_image][\/et_pb_column][et_pb_column type=&#8221;3_5&#8243; _builder_version=&#8221;4.19.4&#8243; _module_preset=&#8221;default&#8221; custom_css_main_element=&#8221;align-self: center;&#8221; global_colors_info=&#8221;{}&#8221;][et_pb_text _builder_version=&#8221;4.22.1&#8243; _module_preset=&#8221;default&#8221; background_color=&#8221;#FFFFFF&#8221; positioning=&#8221;relative&#8221; horizontal_offset=&#8221;-110px&#8221; custom_padding=&#8221;15px||15px|30px|true|false&#8221; border_width_left=&#8221;15px&#8221; border_color_left=&#8221;#2A2761&#8243; box_shadow_style=&#8221;preset3&#8243; global_colors_info=&#8221;{}&#8221;]<\/p>\n<p><b>Antonio Rodr\u00edguez \u00b7 CEO \u00b7 Spanish &amp; English<\/b><\/p>\n<p>Cidad\u00e3o espanhol que frequentou a Cleveland State University com uma bolsa de estudo Fulbright, Antonio \u00e9 licenciado em Contabilidade Financeira pela Harvard Business School Online.<\/p>\n<p>\u00c9 um preparador de declara\u00e7\u00f5es de impostos registado no IRS desde 2011 e um agente de aceita\u00e7\u00e3o desde 2018. O Ant\u00f3nio \u00e9 o Coordenador Geral da equipa e o supervisor das Declara\u00e7\u00f5es Fiscais dos EUA. Ele \u00e9 especialista em Direito Fiscal dos EUA para expatriados. <\/p>\n<p><a href=\"mailto:arodriguez@13.40.57.130\"><\/a><\/p>\n<p>[\/et_pb_text][\/et_pb_column][\/et_pb_row][et_pb_row column_structure=&#8221;3_5,2_5&#8243; make_equal=&#8221;on&#8221; _builder_version=&#8221;4.19.4&#8243; _module_preset=&#8221;default&#8221; global_colors_info=&#8221;{}&#8221;][et_pb_column type=&#8221;3_5&#8243; _builder_version=&#8221;4.19.4&#8243; _module_preset=&#8221;default&#8221; z_index=&#8221;10&#8243; custom_css_main_element=&#8221;align-self: center;&#8221; global_colors_info=&#8221;{}&#8221;][et_pb_text _builder_version=&#8221;4.22.1&#8243; _module_preset=&#8221;default&#8221; background_color=&#8221;#FFFFFF&#8221; positioning=&#8221;relative&#8221; horizontal_offset=&#8221;101px&#8221; z_index=&#8221;2&#8243; custom_padding=&#8221;15px|30px|15px|30px|true|true&#8221; border_width_right=&#8221;15px&#8221; border_color_right=&#8221;#2A2761&#8243; border_color_left=&#8221;#2A2761&#8243; box_shadow_style=&#8221;preset3&#8243; global_colors_info=&#8221;{}&#8221;]<\/p>\n<p><b>Luciano Rodrigues \u00b7 CEO Know2Grow \u00b7 Portuguese &amp; English<\/b><\/p>\n<p>O Luciano \u00e9 licenciado em Gest\u00e3o de Empresas e est\u00e1 registado como Revisor Oficial de Contas. Iniciou a sua carreira na PwC como auditor e mais tarde dedicou-se \u00e0 contabilidade. Em 2014 decidiu criar a sua pr\u00f3pria empresa de contabilidade &#8211; Know2Grow &#8211; com um forte enfoque em clientes internacionais.<\/p>\n<p>Para al\u00e9m disso, tem estado intensamente ligado \u00e0 associa\u00e7\u00e3o de arrendamento de curta dura\u00e7\u00e3o (ALEP) e ao seu querido clube de futebol, o Belenenses, onde desempenhou v\u00e1rias fun\u00e7\u00f5es ao longo dos anos, como Chefe do Gabinete de Imprensa ou Assessor do Presidente.<\/p>\n<p>&nbsp;<\/p>\n<p>[\/et_pb_text][\/et_pb_column][et_pb_column type=&#8221;2_5&#8243; _builder_version=&#8221;4.19.4&#8243; _module_preset=&#8221;default&#8221; global_colors_info=&#8221;{}&#8221;][et_pb_image src=&#8221;https:\/\/ustaxconsultants.pt\/wp-content\/uploads\/2024\/03\/luciano-ustax.jpeg&#8221; _builder_version=&#8221;4.22.1&#8243; _module_preset=&#8221;default&#8221; z_index=&#8221;109&#8243; hover_enabled=&#8221;0&#8243; border_width_all=&#8221;2px&#8221; border_color_all=&#8221;#2A2761&#8243; global_colors_info=&#8221;{}&#8221; title_text=&#8221;luciano-ustax&#8221; sticky_enabled=&#8221;0&#8243;][\/et_pb_image][\/et_pb_column][\/et_pb_row][et_pb_row column_structure=&#8221;2_5,3_5&#8243; make_equal=&#8221;on&#8221; _builder_version=&#8221;4.19.4&#8243; _module_preset=&#8221;default&#8221; global_colors_info=&#8221;{}&#8221;][et_pb_column type=&#8221;2_5&#8243; _builder_version=&#8221;4.19.4&#8243; _module_preset=&#8221;default&#8221; global_colors_info=&#8221;{}&#8221;][et_pb_image src=&#8221;https:\/\/ustaxconsultants.pt\/wp-content\/uploads\/2024\/03\/20240108_12220211-Rui-Mendes.jpg&#8221; _builder_version=&#8221;4.22.1&#8243; _module_preset=&#8221;default&#8221; hover_enabled=&#8221;0&#8243; border_width_all=&#8221;2px&#8221; border_color_all=&#8221;#2A2761&#8243; global_colors_info=&#8221;{}&#8221; title_text=&#8221;20240108_12220211 Rui Mendes&#8221; sticky_enabled=&#8221;0&#8243;][\/et_pb_image][\/et_pb_column][et_pb_column type=&#8221;3_5&#8243; _builder_version=&#8221;4.19.4&#8243; _module_preset=&#8221;default&#8221; custom_css_main_element=&#8221;align-self: center;&#8221; global_colors_info=&#8221;{}&#8221;][et_pb_text _builder_version=&#8221;4.22.1&#8243; _module_preset=&#8221;default&#8221; background_color=&#8221;#FFFFFF&#8221; positioning=&#8221;relative&#8221; horizontal_offset=&#8221;-110px&#8221; custom_padding=&#8221;15px|30px|15px|30px|true|true&#8221; border_width_left=&#8221;15px&#8221; border_color_left=&#8221;#2A2761&#8243; box_shadow_style=&#8221;preset3&#8243; global_colors_info=&#8221;{}&#8221;]<\/p>\n<p><b>Rui Mendes. Program Manager. Know2Grow \u00b7 Portuguese &amp; English<\/b><\/p>\n<p>O Rui \u00e9 licenciado em Contabilidade e Fiscalidade pela Escola Superior de Gest\u00e3o e Tecnologia de Santar\u00e9m. \u00c9 membro da Ordem dos Contabilistas Certificados.<\/p>\n<p>As suas principais actividades s\u00e3o a organiza\u00e7\u00e3o operacional, a contabilidade e a consultoria fiscal.<\/p>\n<p>&nbsp;<\/p>\n<p>[\/et_pb_text][\/et_pb_column][\/et_pb_row][et_pb_row column_structure=&#8221;3_5,2_5&#8243; make_equal=&#8221;on&#8221; _builder_version=&#8221;4.19.4&#8243; _module_preset=&#8221;default&#8221; global_colors_info=&#8221;{}&#8221;][et_pb_column type=&#8221;3_5&#8243; _builder_version=&#8221;4.19.4&#8243; _module_preset=&#8221;default&#8221; z_index=&#8221;10&#8243; custom_css_main_element=&#8221;align-self: center;&#8221; global_colors_info=&#8221;{}&#8221;][et_pb_text _builder_version=&#8221;4.22.1&#8243; _module_preset=&#8221;default&#8221; background_color=&#8221;#FFFFFF&#8221; positioning=&#8221;relative&#8221; horizontal_offset=&#8221;101px&#8221; z_index=&#8221;2&#8243; custom_padding=&#8221;15px|30px|15px|30px|true|true&#8221; border_width_right=&#8221;15px&#8221; border_color_right=&#8221;#2A2761&#8243; border_color_left=&#8221;#2A2761&#8243; box_shadow_style=&#8221;preset3&#8243; global_colors_info=&#8221;{}&#8221;]<\/p>\n<p><b>Didia Moneo \u00b7 Program Manager. Spanish, Portuguese &amp; English<\/b><\/p>\n<p>Estudou Filosofia na Universidade Complutense e tem um mestrado em Pedagogia. Trabalhou nas \u00e1reas de Recursos Humanos e Log\u00edstica em diferentes empresas a n\u00edvel mundial. \u00c9 uma preparadora de impostos registada no IRS.<\/p>\n<p>&nbsp;<\/p>\n<p>[\/et_pb_text][\/et_pb_column][et_pb_column type=&#8221;2_5&#8243; _builder_version=&#8221;4.19.4&#8243; _module_preset=&#8221;default&#8221; global_colors_info=&#8221;{}&#8221;][et_pb_image src=&#8221;https:\/\/ustaxconsultants.pt\/wp-content\/uploads\/2023\/01\/Didia-Moneo.jpg&#8221; title_text=&#8221;Didia-Moneo&#8221; _builder_version=&#8221;4.19.4&#8243; _module_preset=&#8221;default&#8221; z_index=&#8221;0&#8243; border_width_all=&#8221;2px&#8221; border_color_all=&#8221;#2A2761&#8243; global_colors_info=&#8221;{}&#8221;][\/et_pb_image][\/et_pb_column][\/et_pb_row][\/et_pb_section][et_pb_section fb_built=&#8221;1&#8243; _builder_version=&#8221;4.19.4&#8243; _module_preset=&#8221;default&#8221; da_disable_devices=&#8221;off|off|off&#8221; global_colors_info=&#8221;{}&#8221; da_is_popup=&#8221;off&#8221; da_exit_intent=&#8221;off&#8221; da_has_close=&#8221;on&#8221; da_alt_close=&#8221;off&#8221; da_dark_close=&#8221;off&#8221; da_not_modal=&#8221;on&#8221; da_is_singular=&#8221;off&#8221; da_with_loader=&#8221;off&#8221; da_has_shadow=&#8221;on&#8221;][et_pb_row _builder_version=&#8221;4.19.4&#8243; _module_preset=&#8221;default&#8221; global_colors_info=&#8221;{}&#8221;][et_pb_column type=&#8221;4_4&#8243; _builder_version=&#8221;4.19.4&#8243; _module_preset=&#8221;default&#8221; global_colors_info=&#8221;{}&#8221;][et_pb_text _builder_version=&#8221;4.22.1&#8243; _module_preset=&#8221;default&#8221; header_2_font=&#8221;|600|||||||&#8221; header_2_text_color=&#8221;#2A2761&#8243; header_2_font_size=&#8221;24px&#8221; global_colors_info=&#8221;{}&#8221;]<\/p>\n<h2>In honor of our founders<\/h2>\n<p>A nossa empresa foi fundada por John G. Kearins em 1965. Inicialmente, era respons\u00e1vel pela pr\u00e1tica fiscal da Arthur Andersen na Su\u00ed\u00e7a, It\u00e1lia, Gr\u00e9cia, Espanha e Portugal. Depois de viver em It\u00e1lia durante algum tempo, John acabou por se mudar para Madrid e juntou-se a Henry Frautschy, para continuar a ajudar os expatriados americanos a viver em Espanha.<\/p>\n<p>[\/et_pb_text][\/et_pb_column][\/et_pb_row][et_pb_row column_structure=&#8221;3_5,2_5&#8243; make_equal=&#8221;on&#8221; _builder_version=&#8221;4.19.4&#8243; _module_preset=&#8221;default&#8221; global_colors_info=&#8221;{}&#8221;][et_pb_column type=&#8221;3_5&#8243; _builder_version=&#8221;4.19.4&#8243; _module_preset=&#8221;default&#8221; z_index=&#8221;10&#8243; custom_css_main_element=&#8221;align-self: center;&#8221; global_colors_info=&#8221;{}&#8221;][et_pb_text _builder_version=&#8221;4.22.1&#8243; _module_preset=&#8221;default&#8221; background_color=&#8221;#FFFFFF&#8221; positioning=&#8221;relative&#8221; z_index=&#8221;2&#8243; custom_padding=&#8221;15px|30px|15px|30px|true|true&#8221; border_color_right=&#8221;#2A2761&#8243; border_color_left=&#8221;#2A2761&#8243; global_colors_info=&#8221;{}&#8221;]<\/p>\n<p><b>Henry Frautschy<br \/><\/b><b>Founding Member<\/b><\/p>\n<p>Era um contabilista americano com um mestrado do IE (Instituto de Empresa, Madrid) com mais de 20 anos de experi\u00eancia a ajudar os americanos que vivem no estrangeiro a preparar as suas declara\u00e7\u00f5es fiscais nos EUA. <\/p>\n<p>Tamb\u00e9m preparou declara\u00e7\u00f5es de impostos em espanhol para os nossos clientes. Criou e dirigiu a antiga Syncordia durante quase 20 anos. Henry faleceu em mar\u00e7o de 2011.<\/p>\n<p>[\/et_pb_text][\/et_pb_column][et_pb_column type=&#8221;2_5&#8243; _builder_version=&#8221;4.19.4&#8243; _module_preset=&#8221;default&#8221; global_colors_info=&#8221;{}&#8221;][et_pb_image src=&#8221;https:\/\/ustaxconsultants.pt\/wp-content\/uploads\/2023\/01\/henry.jpg&#8221; title_text=&#8221;henry&#8221; _builder_version=&#8221;4.19.4&#8243; _module_preset=&#8221;default&#8221; z_index=&#8221;0&#8243; width=&#8221;50%&#8221; border_width_all=&#8221;2px&#8221; border_color_all=&#8221;#2A2761&#8243; global_colors_info=&#8221;{}&#8221;][\/et_pb_image][\/et_pb_column][\/et_pb_row][et_pb_row column_structure=&#8221;2_5,3_5&#8243; make_equal=&#8221;on&#8221; _builder_version=&#8221;4.19.4&#8243; _module_preset=&#8221;default&#8221; global_colors_info=&#8221;{}&#8221;][et_pb_column type=&#8221;2_5&#8243; _builder_version=&#8221;4.19.4&#8243; _module_preset=&#8221;default&#8221; global_colors_info=&#8221;{}&#8221;][et_pb_image src=&#8221;https:\/\/ustaxconsultants.pt\/wp-content\/uploads\/2023\/01\/John.jpg&#8221; title_text=&#8221;John&#8221; _builder_version=&#8221;4.19.4&#8243; _module_preset=&#8221;default&#8221; width=&#8221;50%&#8221; module_alignment=&#8221;center&#8221; border_width_all=&#8221;2px&#8221; border_color_all=&#8221;#2A2761&#8243; global_colors_info=&#8221;{}&#8221;][\/et_pb_image][\/et_pb_column][et_pb_column type=&#8221;3_5&#8243; _builder_version=&#8221;4.19.4&#8243; _module_preset=&#8221;default&#8221; custom_css_main_element=&#8221;align-self: center;&#8221; global_colors_info=&#8221;{}&#8221;][et_pb_text _builder_version=&#8221;4.22.1&#8243; _module_preset=&#8221;default&#8221; background_color=&#8221;#FFFFFF&#8221; positioning=&#8221;relative&#8221; horizontal_offset=&#8221;-110px&#8221; custom_padding=&#8221;15px|30px|15px|30px|true|true&#8221; border_color_left=&#8221;#2A2761&#8243; global_colors_info=&#8221;{}&#8221;]<\/p>\n<p><b>John G. Kearins<br \/><\/b><b>Founding Member<\/b><\/p>\n<p>Advogado e contabilista p\u00fablico certificado. Obteve a sua licenciatura em contabilidade e o seu certificado CPA na Universidade de Illinois e o seu doutoramento em Direito na Universidade de DePaul. Foi admitido a exercer a sua atividade no Tribunal Fiscal dos Estados Unidos. Durante mais de 45 anos, especializou-se na tributa\u00e7\u00e3o nos EUA de americanos residentes no estrangeiro. Jack viveu em It\u00e1lia e em Espanha.<\/p>\n<p>[\/et_pb_text][\/et_pb_column][\/et_pb_row][\/et_pb_section]<\/p>\n","protected":false},"excerpt":{"rendered":"<p>UMA EQUIPA PROFISSIONAL PARA ORIENTAR OS SEUS IMPOSTOSAntonio Rodr\u00edguez \u00b7 CEO \u00b7 Spanish &amp; English Cidad\u00e3o espanhol que frequentou a Cleveland State University com uma bolsa de estudo Fulbright, Antonio \u00e9 licenciado em Contabilidade Financeira pela Harvard Business School Online. \u00c9 um preparador de declara\u00e7\u00f5es de impostos registado no IRS desde 2011 e um agente [&hellip;]<\/p>\n","protected":false},"author":6,"featured_media":0,"parent":0,"menu_order":0,"comment_status":"closed","ping_status":"closed","template":"","meta":{"_acf_changed":false,"_et_pb_use_builder":"on","_et_pb_old_content":"","_et_gb_content_width":"","_monsterinsights_skip_tracking":false,"_monsterinsights_sitenote_active":false,"_monsterinsights_sitenote_note":"","_monsterinsights_sitenote_category":0,"_uf_show_specific_survey":0,"_uf_disable_surveys":false,"footnotes":"","_links_to":"","_links_to_target":""},"class_list":["post-14644","page","type-page","status-publish","hentry"],"acf":[],"aioseo_notices":[],"_links":{"self":[{"href":"https:\/\/ustaxconsultants.pt\/pt-pt\/wp-json\/wp\/v2\/pages\/14644","targetHints":{"allow":["GET"]}}],"collection":[{"href":"https:\/\/ustaxconsultants.pt\/pt-pt\/wp-json\/wp\/v2\/pages"}],"about":[{"href":"https:\/\/ustaxconsultants.pt\/pt-pt\/wp-json\/wp\/v2\/types\/page"}],"author":[{"embeddable":true,"href":"https:\/\/ustaxconsultants.pt\/pt-pt\/wp-json\/wp\/v2\/users\/6"}],"replies":[{"embeddable":true,"href":"https:\/\/ustaxconsultants.pt\/pt-pt\/wp-json\/wp\/v2\/comments?post=14644"}],"version-history":[{"count":0,"href":"https:\/\/ustaxconsultants.pt\/pt-pt\/wp-json\/wp\/v2\/pages\/14644\/revisions"}],"wp:attachment":[{"href":"https:\/\/ustaxconsultants.pt\/pt-pt\/wp-json\/wp\/v2\/media?parent=14644"}],"curies":[{"name":"wp","href":"https:\/\/api.w.org\/{rel}","templated":true}]}}